{"id":21,"date":"2025-09-02T16:45:11","date_gmt":"2025-09-02T16:45:11","guid":{"rendered":"https:\/\/henriksandholm.dk\/?page_id=21"},"modified":"2025-09-02T16:45:11","modified_gmt":"2025-09-02T16:45:11","slug":"maerkesager-for-region-syddanmark","status":"publish","type":"page","link":"https:\/\/henriksandholm.dk\/henrik-sandholm\/maerkesager-for-region-syddanmark\/","title":{"rendered":"M\u00e6rkesager for Region Syddanmark"},"content":{"rendered":"\n<p><strong>Vejle har brug for en akutl\u00e6gebil<\/strong><\/p>\n\n\n\n<p>I 2024 var der ikke en eneste m\u00e5ling hvor Vejle fik opfyldt m\u00e5ls\u00e6tningen i Region Syddanmark om hj\u00e6lpen er fremme indenfor 15 minutter i mindst 95% af alle udrykninger. Kolding har en akutl\u00e6gebil og de fik opfyldt m\u00e5ls\u00e6tningen i alle m\u00e5linger.<\/p>\n\n\n\n<p>Hvorfor st\u00e5r akutl\u00e6gebilen i Kolding, n\u00e5r der over 1000 flere udrykninger om \u00e5ret i Vejle?<\/p>\n","protected":false},"excerpt":{"rendered":"<p>Vejle har brug for en akutl\u00e6gebil I 2024 var der ikke en eneste m\u00e5ling hvor Vejle fik opfyldt m\u00e5ls\u00e6tningen i Region Syddanmark om hj\u00e6lpen er fremme indenfor 15 minutter i mindst 95% af alle udrykninger. Kolding har en akutl\u00e6gebil og de fik opfyldt m\u00e5ls\u00e6tningen i alle m\u00e5linger. Hvorfor st\u00e5r akutl\u00e6gebilen i Kolding, n\u00e5r der over [&hellip;]<\/p>\n","protected":false},"author":1,"featured_media":0,"parent":0,"menu_order":0,"comment_status":"closed","ping_status":"closed","template":"","meta":{"footnotes":""},"class_list":["post-21","page","type-page","status-publish","hentry"],"_links":{"self":[{"href":"https:\/\/henriksandholm.dk\/henrik-sandholm\/wp-json\/wp\/v2\/pages\/21","targetHints":{"allow":["GET"]}}],"collection":[{"href":"https:\/\/henriksandholm.dk\/henrik-sandholm\/wp-json\/wp\/v2\/pages"}],"about":[{"href":"https:\/\/henriksandholm.dk\/henrik-sandholm\/wp-json\/wp\/v2\/types\/page"}],"author":[{"embeddable":true,"href":"https:\/\/henriksandholm.dk\/henrik-sandholm\/wp-json\/wp\/v2\/users\/1"}],"replies":[{"embeddable":true,"href":"https:\/\/henriksandholm.dk\/henrik-sandholm\/wp-json\/wp\/v2\/comments?post=21"}],"version-history":[{"count":1,"href":"https:\/\/henriksandholm.dk\/henrik-sandholm\/wp-json\/wp\/v2\/pages\/21\/revisions"}],"predecessor-version":[{"id":22,"href":"https:\/\/henriksandholm.dk\/henrik-sandholm\/wp-json\/wp\/v2\/pages\/21\/revisions\/22"}],"wp:attachment":[{"href":"https:\/\/henriksandholm.dk\/henrik-sandholm\/wp-json\/wp\/v2\/media?parent=21"}],"curies":[{"name":"wp","href":"https:\/\/api.w.org\/{rel}","templated":true}]}}