{"id":19,"date":"2025-09-02T16:44:16","date_gmt":"2025-09-02T16:44:16","guid":{"rendered":"https:\/\/henriksandholm.dk\/?page_id=19"},"modified":"2025-09-02T16:44:16","modified_gmt":"2025-09-02T16:44:16","slug":"maerkesager-for-vejle-kommune","status":"publish","type":"page","link":"https:\/\/henriksandholm.dk\/henrik-sandholm\/maerkesager-for-vejle-kommune\/","title":{"rendered":"M\u00e6rkesager for Vejle Kommune"},"content":{"rendered":"\n<p><strong>Generationskontrakt<\/strong><\/p>\n\n\n\n<p>Den \u00e6ldre generation har arbejdet gennem et langt liv, for at give os den velf\u00e6rd vi har nu. Vi skylder dem at behandle dem med v\u00e6rdighed og give dem en god alderdom.&nbsp;<\/p>\n\n\n\n<p>Samtidig skal vi ogs\u00e5 passe p\u00e5 milj\u00f8et, s\u00e5dan vi ikke sender en regning videre til den fremtidige generation.<\/p>\n\n\n\n<p><\/p>\n\n\n\n<p><strong>V\u00e6kst<\/strong><br>Vi skal have et godt erhvervsklima i Vejle Kommune, s\u00e5 vi kan f\u00e5 skabt nogle flere arbejdspladser. Flere folk i arbejde giver r\u00e5d til den velf\u00e6rd, som vi gerne vil have. Det skal v\u00e6re attraktivt og billigt at bos\u00e6tte sig og arbejde i Vejle kommune.<\/p>\n\n\n\n<p><\/p>\n\n\n\n<p><strong>Sundhedsreformen<\/strong><\/p>\n\n\n\n<p>Med den nye Sundhedsreform, er der flere opgaver som flytter fra kommunen til regionen. Samtidig bliver der oprettet et nyt f\u00e6lles sundhedsr\u00e5d for kommunerne og regionen. Ingen skal blive glemt eller falde mellem to stole i den reform, og det skal heller ikke blive en spare \u00f8velse p\u00e5 bekostning af dem som har brug for hj\u00e6lp.&nbsp;<\/p>\n","protected":false},"excerpt":{"rendered":"<p>Generationskontrakt Den \u00e6ldre generation har arbejdet gennem et langt liv, for at give os den velf\u00e6rd vi har nu. Vi skylder dem at behandle dem med v\u00e6rdighed og give dem en god alderdom.&nbsp; Samtidig skal vi ogs\u00e5 passe p\u00e5 milj\u00f8et, s\u00e5dan vi ikke sender en regning videre til den fremtidige generation. V\u00e6kstVi skal have et [&hellip;]<\/p>\n","protected":false},"author":1,"featured_media":0,"parent":0,"menu_order":0,"comment_status":"closed","ping_status":"closed","template":"","meta":{"footnotes":""},"class_list":["post-19","page","type-page","status-publish","hentry"],"_links":{"self":[{"href":"https:\/\/henriksandholm.dk\/henrik-sandholm\/wp-json\/wp\/v2\/pages\/19","targetHints":{"allow":["GET"]}}],"collection":[{"href":"https:\/\/henriksandholm.dk\/henrik-sandholm\/wp-json\/wp\/v2\/pages"}],"about":[{"href":"https:\/\/henriksandholm.dk\/henrik-sandholm\/wp-json\/wp\/v2\/types\/page"}],"author":[{"embeddable":true,"href":"https:\/\/henriksandholm.dk\/henrik-sandholm\/wp-json\/wp\/v2\/users\/1"}],"replies":[{"embeddable":true,"href":"https:\/\/henriksandholm.dk\/henrik-sandholm\/wp-json\/wp\/v2\/comments?post=19"}],"version-history":[{"count":1,"href":"https:\/\/henriksandholm.dk\/henrik-sandholm\/wp-json\/wp\/v2\/pages\/19\/revisions"}],"predecessor-version":[{"id":20,"href":"https:\/\/henriksandholm.dk\/henrik-sandholm\/wp-json\/wp\/v2\/pages\/19\/revisions\/20"}],"wp:attachment":[{"href":"https:\/\/henriksandholm.dk\/henrik-sandholm\/wp-json\/wp\/v2\/media?parent=19"}],"curies":[{"name":"wp","href":"https:\/\/api.w.org\/{rel}","templated":true}]}}